{"id":880,"date":"2023-04-06T16:48:56","date_gmt":"2023-04-06T20:48:56","guid":{"rendered":"https:\/\/hyarentacar.com\/?page_id=880"},"modified":"2023-04-12T17:22:06","modified_gmt":"2023-04-12T21:22:06","slug":"politicas-de-privacidad","status":"publish","type":"page","link":"https:\/\/hyarentacar.com\/en\/politicas-de-privacidad\/","title":{"rendered":"Politicas de Privacidad"},"content":{"rendered":"<div data-elementor-type=\"wp-page\" data-elementor-id=\"880\" class=\"elementor elementor-880\" data-elementor-post-type=\"page\">\n\t\t\t\t<div class=\"elementor-element elementor-element-9d6554d e-flex e-con-boxed e-con e-parent\" data-id=\"9d6554d\" data-element_type=\"container\" data-settings=\"{&quot;background_background&quot;:&quot;classic&quot;}\">\n\t\t\t\t\t<div class=\"e-con-inner\">\n\t\t\t\t<div class=\"elementor-element elementor-element-53f3489 elementor-widget__width-initial elementor-headline--style-highlight elementor-invisible elementor-widget elementor-widget-animated-headline\" data-id=\"53f3489\" data-element_type=\"widget\" data-settings=\"{&quot;_animation&quot;:&quot;fadeIn&quot;,&quot;headline_style&quot;:&quot;highlight&quot;,&quot;marker&quot;:&quot;circle&quot;,&quot;highlight_animation_duration&quot;:1200}\" data-widget_type=\"animated-headline.default\">\n\t\t\t\t<div class=\"elementor-widget-container\">\n\t\t\t\t\t<h1 class=\"elementor-headline\">\n\t\t\t\t\t<span class=\"elementor-headline-plain-text elementor-headline-text-wrapper\">Privacy Policy<\/span>\n\t\t\t\t<span class=\"elementor-headline-dynamic-wrapper elementor-headline-text-wrapper\">\n\t\t\t\t<\/span>\n\t\t\t\t<\/h1>\n\t\t\t\t<\/div>\n\t\t\t\t<\/div>\n\t\t\t\t\t<\/div>\n\t\t\t\t<\/div>\n\t\t<div class=\"elementor-element elementor-element-cb047cd e-flex e-con-boxed e-con e-parent\" data-id=\"cb047cd\" data-element_type=\"container\">\n\t\t\t\t\t<div class=\"e-con-inner\">\n\t\t\t\t<div class=\"elementor-element elementor-element-908a1af elementor-widget elementor-widget-text-editor\" data-id=\"908a1af\" data-element_type=\"widget\" data-widget_type=\"text-editor.default\">\n\t\t\t\t<div class=\"elementor-widget-container\">\n\t\t\t\t\t\t\t<p>At Hya Rent a Car we take very seriously the privacy of our customers and users. This Privacy Policy describes how we collect, use, protect and share the personal information of our customers. By using our services, you agree to our Privacy Policy and the terms and conditions of our website.<\/p><p><span style=\"text-decoration: underline;\"><strong>Information collected:<\/strong><\/span><\/p><p>We collect personal information that you voluntarily provide to us when you make a reservation or register on our website, such as your name, address, telephone number, and email address. We may also collect tracking information from cookies and similar technologies when you visit our website.<\/p><p><span style=\"text-decoration: underline;\"><strong>Use of information:<\/strong><\/span><\/p><p>The personal information that we collect is used to process reservations, send reservation confirmations and to provide customer services. We may also use the information for marketing purposes and to improve our site and services.<\/p><p><span style=\"text-decoration: underline;\"><strong>Protection of information:<\/strong><\/span><\/p><p>We are committed to protecting the personal information of our customers and users. We implement physical, electronic and administrative security measures to protect against the loss, misuse and unauthorized access of information.<\/p><p><span style=\"text-decoration: underline;\"><strong>Share information: <\/strong><\/span><\/p><p>We do not share our customers &#039; personal information with third parties, except where necessary to process a reservation or to comply with a legal obligation. We may also share such information anonymously and in the aggregate for the purposes of market research and analysis.<\/p><p><strong><span style=\"text-decoration: underline;\">Links to third party web sites: <\/span><\/strong><\/p><p>Our website may contain links to third-party web sites. We are not responsible for the privacy practices of these other websites and encourage you to review their privacy policies before providing any personal information.<\/p><p><span style=\"text-decoration: underline;\"><strong>Modifications to the Privacy Policy: <\/strong><\/span><\/p><p>We reserve the right to modify this Privacy Policy at any time. Any changes will be effective immediately upon posting on our web site.<\/p><p><span style=\"text-decoration: underline;\"><strong>Contact us:<\/strong><\/span><\/p><p>If you have questions or concerns about our Privacy Policy, you may contact us at <a href=\"mailto:info@hyarentacar.com\">info@hyarentacar.com<\/a>.<\/p><p><span style=\"text-decoration: underline;\"><strong>Date of entry into force:<\/strong><\/span><\/p><p>This Privacy Policy went into effect <strong>06\/04\/2023.<\/strong><\/p>\t\t\t\t\t\t<\/div>\n\t\t\t\t<\/div>\n\t\t\t\t\t<\/div>\n\t\t\t\t<\/div>\n\t\t\t\t<\/div>","protected":false},"excerpt":{"rendered":"<p>Pol\u00edtica de Privacidad En Hya Rent a Car nos tomamos muy en serio la privacidad de nuestros clientes y usuarios. Esta Pol\u00edtica de Privacidad describe c\u00f3mo recopilamos, utilizamos, protegemos y compartimos la informaci\u00f3n personal de nuestros clientes. Al utilizar nuestros servicios, aceptas nuestra Pol\u00edtica de Privacidad y los t\u00e9rminos y condiciones de nuestro sitio web. [&hellip;]<\/p>","protected":false},"author":1,"featured_media":0,"parent":0,"menu_order":0,"comment_status":"closed","ping_status":"closed","template":"","meta":{"rank_math_lock_modified_date":false,"_joinchat":[],"footnotes":""},"class_list":["post-880","page","type-page","status-publish","hentry"],"_links":{"self":[{"href":"https:\/\/hyarentacar.com\/en\/wp-json\/wp\/v2\/pages\/880","targetHints":{"allow":["GET"]}}],"collection":[{"href":"https:\/\/hyarentacar.com\/en\/wp-json\/wp\/v2\/pages"}],"about":[{"href":"https:\/\/hyarentacar.com\/en\/wp-json\/wp\/v2\/types\/page"}],"author":[{"embeddable":true,"href":"https:\/\/hyarentacar.com\/en\/wp-json\/wp\/v2\/users\/1"}],"replies":[{"embeddable":true,"href":"https:\/\/hyarentacar.com\/en\/wp-json\/wp\/v2\/comments?post=880"}],"version-history":[{"count":11,"href":"https:\/\/hyarentacar.com\/en\/wp-json\/wp\/v2\/pages\/880\/revisions"}],"predecessor-version":[{"id":1067,"href":"https:\/\/hyarentacar.com\/en\/wp-json\/wp\/v2\/pages\/880\/revisions\/1067"}],"wp:attachment":[{"href":"https:\/\/hyarentacar.com\/en\/wp-json\/wp\/v2\/media?parent=880"}],"curies":[{"name":"wp","href":"https:\/\/api.w.org\/{rel}","templated":true}]}}