{"id":787,"date":"2023-04-05T18:13:16","date_gmt":"2023-04-05T22:13:16","guid":{"rendered":"https:\/\/hyarentacar.com\/?page_id=787"},"modified":"2023-08-03T14:57:26","modified_gmt":"2023-08-03T18:57:26","slug":"requisitos","status":"publish","type":"page","link":"https:\/\/hyarentacar.com\/en\/requisitos\/","title":{"rendered":"Requirements"},"content":{"rendered":"<div data-elementor-type=\"wp-page\" data-elementor-id=\"787\" class=\"elementor elementor-787\" data-elementor-post-type=\"page\">\n\t\t\t\t<div class=\"elementor-element elementor-element-e16aa01 e-flex e-con-boxed e-con e-parent\" data-id=\"e16aa01\" data-element_type=\"container\" data-settings=\"{&quot;background_background&quot;:&quot;classic&quot;}\">\n\t\t\t\t\t<div class=\"e-con-inner\">\n\t\t\t\t<div class=\"elementor-element elementor-element-7488880 elementor-widget__width-initial elementor-headline--style-highlight elementor-invisible elementor-widget elementor-widget-animated-headline\" data-id=\"7488880\" data-element_type=\"widget\" data-settings=\"{&quot;highlighted_text&quot;:&quot;Requisitos&quot;,&quot;_animation&quot;:&quot;fadeIn&quot;,&quot;headline_style&quot;:&quot;highlight&quot;,&quot;marker&quot;:&quot;circle&quot;,&quot;highlight_animation_duration&quot;:1200}\" data-widget_type=\"animated-headline.default\">\n\t\t\t\t<div class=\"elementor-widget-container\">\n\t\t\t\t\t<h1 class=\"elementor-headline\">\n\t\t\t\t<span class=\"elementor-headline-dynamic-wrapper elementor-headline-text-wrapper\">\n\t\t\t\t\t<span class=\"elementor-headline-dynamic-text elementor-headline-text-active\">Requirements<\/span>\n\t\t\t\t<\/span>\n\t\t\t\t<\/h1>\n\t\t\t\t<\/div>\n\t\t\t\t<\/div>\n\t\t\t\t\t<\/div>\n\t\t\t\t<\/div>\n\t\t<div class=\"elementor-element elementor-element-e90b9e7 e-flex e-con-boxed e-con e-parent\" data-id=\"e90b9e7\" data-element_type=\"container\">\n\t\t\t\t\t<div class=\"e-con-inner\">\n\t\t\t\t<div class=\"elementor-element elementor-element-dfc45ad elementor-widget-mobile__width-inherit elementor-widget elementor-widget-heading\" data-id=\"dfc45ad\" data-element_type=\"widget\" data-widget_type=\"heading.default\">\n\t\t\t\t<div class=\"elementor-widget-container\">\n\t\t\t<h2 class=\"elementor-heading-title elementor-size-default\">What do you Need to Rent a Vehicle?<\/h2>\t\t<\/div>\n\t\t\t\t<\/div>\n\t\t\t\t<div class=\"elementor-element elementor-element-a685faf elementor-widget elementor-widget-text-editor\" data-id=\"a685faf\" data-element_type=\"widget\" data-widget_type=\"text-editor.default\">\n\t\t\t\t<div class=\"elementor-widget-container\">\n\t\t\t\t\t\t\t<p>\u2022 Valid driver's license from your country of origin.<\/p><p>\u2022 Identity documents.<\/p><p>\u2022 Vehicle rental is for a minimum of 3 days, equivalent to 72 hours.<\/p><p>\u2022 Vehicles must be returned under the same conditions in which they were delivered.<\/p><p>\u2022 The driver must be at least 21 years old.<\/p><p>\u2022 To be in agreement with our <a href=\"https:\/\/hyarentacar.com\/en\/terminos-y-condiciones\/\">terms and conditions<\/a>.<\/p>\t\t\t\t\t\t<\/div>\n\t\t\t\t<\/div>\n\t\t<div class=\"elementor-element elementor-element-569e0de e-con-full e-flex e-con e-parent\" data-id=\"569e0de\" data-element_type=\"container\">\n\t\t\t\t<div class=\"elementor-element elementor-element-3401128 elementor-mobile-align-center elementor-widget__width-initial elementor-widget-laptop__width-initial elementor-align-left elementor-invisible elementor-widget elementor-widget-button\" data-id=\"3401128\" data-element_type=\"widget\" data-settings=\"{&quot;_animation&quot;:&quot;zoomIn&quot;}\" data-widget_type=\"button.default\">\n\t\t\t\t<div class=\"elementor-widget-container\">\n\t\t\t\t\t<div class=\"elementor-button-wrapper\">\n\t\t\t<a class=\"elementor-button elementor-button-link elementor-size-sm elementor-animation-grow\" href=\"\/en\/vehiculos\/\">\n\t\t\t\t\t\t<span class=\"elementor-button-content-wrapper\">\n\t\t\t\t\t\t\t\t\t<span class=\"elementor-button-text\">Rent Now<\/span>\n\t\t\t\t\t<\/span>\n\t\t\t\t\t<\/a>\n\t\t<\/div>\n\t\t\t\t<\/div>\n\t\t\t\t<\/div>\n\t\t\t\t<div class=\"elementor-element elementor-element-5dc5747 elementor-mobile-align-center elementor-widget__width-initial elementor-widget-laptop__width-initial elementor-invisible elementor-widget elementor-widget-button\" data-id=\"5dc5747\" data-element_type=\"widget\" data-settings=\"{&quot;_animation&quot;:&quot;zoomIn&quot;}\" data-widget_type=\"button.default\">\n\t\t\t\t<div class=\"elementor-widget-container\">\n\t\t\t\t\t<div class=\"elementor-button-wrapper\">\n\t\t\t<a class=\"elementor-button elementor-button-link elementor-size-sm elementor-animation-grow\" href=\"https:\/\/hyarentacar.com\/en\/#cotizar\">\n\t\t\t\t\t\t<span class=\"elementor-button-content-wrapper\">\n\t\t\t\t\t\t<span class=\"elementor-button-icon\">\n\t\t\t\t<i aria-hidden=\"true\" class=\"fab fa-whatsapp\"><\/i>\t\t\t<\/span>\n\t\t\t\t\t\t\t\t\t<span class=\"elementor-button-text\">Quote<\/span>\n\t\t\t\t\t<\/span>\n\t\t\t\t\t<\/a>\n\t\t<\/div>\n\t\t\t\t<\/div>\n\t\t\t\t<\/div>\n\t\t\t\t<\/div>\n\t\t\t\t\t<\/div>\n\t\t\t\t<\/div>\n\t\t\t\t<\/div>","protected":false},"excerpt":{"rendered":"<p>Requisitos \u00bfQu\u00e9 Necesitas para Alquilar un Veh\u00edculo? \u2022 Licencia de conducir vigente de su pa\u00eds de origen. \u2022 Documentos de identidad. \u2022 La renta de veh\u00edculos es de m\u00ednimo 3 d\u00edas, equivalente a 72 horas. \u2022 Los veh\u00edculos deben ser devueltos bajo las mismas condiciones en que fueron entregados. \u2022 El conductor debe tener al [&hellip;]<\/p>","protected":false},"author":1,"featured_media":940,"parent":0,"menu_order":0,"comment_status":"closed","ping_status":"closed","template":"","meta":{"rank_math_lock_modified_date":false,"_joinchat":[],"footnotes":""},"class_list":["post-787","page","type-page","status-publish","has-post-thumbnail","hentry"],"_links":{"self":[{"href":"https:\/\/hyarentacar.com\/en\/wp-json\/wp\/v2\/pages\/787","targetHints":{"allow":["GET"]}}],"collection":[{"href":"https:\/\/hyarentacar.com\/en\/wp-json\/wp\/v2\/pages"}],"about":[{"href":"https:\/\/hyarentacar.com\/en\/wp-json\/wp\/v2\/types\/page"}],"author":[{"embeddable":true,"href":"https:\/\/hyarentacar.com\/en\/wp-json\/wp\/v2\/users\/1"}],"replies":[{"embeddable":true,"href":"https:\/\/hyarentacar.com\/en\/wp-json\/wp\/v2\/comments?post=787"}],"version-history":[{"count":13,"href":"https:\/\/hyarentacar.com\/en\/wp-json\/wp\/v2\/pages\/787\/revisions"}],"predecessor-version":[{"id":1298,"href":"https:\/\/hyarentacar.com\/en\/wp-json\/wp\/v2\/pages\/787\/revisions\/1298"}],"wp:featuredmedia":[{"embeddable":true,"href":"https:\/\/hyarentacar.com\/en\/wp-json\/wp\/v2\/media\/940"}],"wp:attachment":[{"href":"https:\/\/hyarentacar.com\/en\/wp-json\/wp\/v2\/media?parent=787"}],"curies":[{"name":"wp","href":"https:\/\/api.w.org\/{rel}","templated":true}]}}