{"id":644,"date":"2023-04-03T20:28:28","date_gmt":"2023-04-04T00:28:28","guid":{"rendered":"https:\/\/hyarentacar.com\/?page_id=644"},"modified":"2026-01-11T11:09:11","modified_gmt":"2026-01-11T15:09:11","slug":"nosotros","status":"publish","type":"page","link":"https:\/\/hyarentacar.com\/en\/nosotros\/","title":{"rendered":"About Us"},"content":{"rendered":"<div data-elementor-type=\"wp-page\" data-elementor-id=\"644\" class=\"elementor elementor-644\" data-elementor-post-type=\"page\">\n\t\t\t\t<div class=\"elementor-element elementor-element-4a147e1 e-flex e-con-boxed e-con e-parent\" data-id=\"4a147e1\" data-element_type=\"container\" data-settings=\"{&quot;background_background&quot;:&quot;classic&quot;}\">\n\t\t\t\t\t<div class=\"e-con-inner\">\n\t\t\t\t<div class=\"elementor-element elementor-element-29499ad elementor-widget__width-initial elementor-headline--style-highlight elementor-invisible elementor-widget elementor-widget-animated-headline\" data-id=\"29499ad\" data-element_type=\"widget\" data-settings=\"{&quot;highlighted_text&quot;:&quot;Somos?&quot;,&quot;_animation&quot;:&quot;fadeIn&quot;,&quot;headline_style&quot;:&quot;highlight&quot;,&quot;marker&quot;:&quot;circle&quot;,&quot;highlight_animation_duration&quot;:1200}\" data-widget_type=\"animated-headline.default\">\n\t\t\t\t<div class=\"elementor-widget-container\">\n\t\t\t\t\t<h1 class=\"elementor-headline\">\n\t\t\t\t\t<span class=\"elementor-headline-plain-text elementor-headline-text-wrapper\">Who<\/span>\n\t\t\t\t<span class=\"elementor-headline-dynamic-wrapper elementor-headline-text-wrapper\">\n\t\t\t\t\t<span class=\"elementor-headline-dynamic-text elementor-headline-text-active\">Are we?<\/span>\n\t\t\t\t<\/span>\n\t\t\t\t<\/h1>\n\t\t\t\t<\/div>\n\t\t\t\t<\/div>\n\t\t\t\t\t<\/div>\n\t\t\t\t<\/div>\n\t\t<div class=\"elementor-element elementor-element-e687f51 e-flex e-con-boxed e-con e-parent\" data-id=\"e687f51\" data-element_type=\"container\">\n\t\t\t\t\t<div class=\"e-con-inner\">\n\t\t<div class=\"elementor-element elementor-element-eba2a82 e-flex e-con-boxed e-con e-child\" data-id=\"eba2a82\" data-element_type=\"container\">\n\t\t\t\t\t<div class=\"e-con-inner\">\n\t\t\t\t<div class=\"elementor-element elementor-element-0491e68 elementor-widget__width-initial elementor-widget elementor-widget-heading\" data-id=\"0491e68\" data-element_type=\"widget\" data-widget_type=\"heading.default\">\n\t\t\t\t<div class=\"elementor-widget-container\">\n\t\t\t<h2 class=\"elementor-heading-title elementor-size-default\">Know our history<\/h2>\t\t<\/div>\n\t\t\t\t<\/div>\n\t\t\t\t<div class=\"elementor-element elementor-element-dd1000f elementor-widget-mobile__width-inherit elementor-widget elementor-widget-heading\" data-id=\"dd1000f\" data-element_type=\"widget\" data-widget_type=\"heading.default\">\n\t\t\t\t<div class=\"elementor-widget-container\">\n\t\t\t<h2 class=\"elementor-heading-title elementor-size-default\">HyA Rent a Car<\/h2>\t\t<\/div>\n\t\t\t\t<\/div>\n\t\t\t\t<div class=\"elementor-element elementor-element-5393bb8 elementor-widget elementor-widget-text-editor\" data-id=\"5393bb8\" data-element_type=\"widget\" data-widget_type=\"text-editor.default\">\n\t\t\t\t<div class=\"elementor-widget-container\">\n\t\t\t\t\t\t\t<p>We are dedicated to providing the best car rental experience in Punta Cana. We strive to provide exceptional service to our customers, from the moment they reserve one of our vehicles to the moment they complete their trip.<\/p>\t\t\t\t\t\t<\/div>\n\t\t\t\t<\/div>\n\t\t\t\t\t<\/div>\n\t\t\t\t<\/div>\n\t\t\t\t<div class=\"elementor-element elementor-element-b109f43 elementor-widget elementor-widget-image\" data-id=\"b109f43\" data-element_type=\"widget\" data-widget_type=\"image.default\">\n\t\t\t\t<div class=\"elementor-widget-container\">\n\t\t\t\t\t\t\t\t\t\t\t\t\t<img fetchpriority=\"high\" decoding=\"async\" width=\"663\" height=\"376\" src=\"https:\/\/hyarentacar.com\/wp-content\/uploads\/2023\/03\/logo-removebg-preview.png\" class=\"attachment-full size-full wp-image-293\" alt=\"HyA rent a Car logo\" srcset=\"https:\/\/hyarentacar.com\/wp-content\/uploads\/2023\/03\/logo-removebg-preview.png 663w, https:\/\/hyarentacar.com\/wp-content\/uploads\/2023\/03\/logo-removebg-preview-300x170.png 300w, https:\/\/hyarentacar.com\/wp-content\/uploads\/2023\/03\/logo-removebg-preview-600x340.png 600w\" sizes=\"(max-width: 663px) 100vw, 663px\" \/>\t\t\t\t\t\t\t\t\t\t\t\t\t<\/div>\n\t\t\t\t<\/div>\n\t\t\t\t\t<\/div>\n\t\t\t\t<\/div>\n\t\t<div class=\"elementor-element elementor-element-2a548ad e-flex e-con-boxed e-con e-parent\" data-id=\"2a548ad\" data-element_type=\"container\" data-settings=\"{&quot;background_background&quot;:&quot;classic&quot;}\">\n\t\t\t\t\t<div class=\"e-con-inner\">\n\t\t\t\t<div class=\"elementor-element elementor-element-a55fc11 elementor-widget__width-initial elementor-position-top elementor-widget elementor-widget-image-box\" data-id=\"a55fc11\" data-element_type=\"widget\" data-widget_type=\"image-box.default\">\n\t\t\t\t<div class=\"elementor-widget-container\">\n\t\t\t<div class=\"elementor-image-box-wrapper\"><figure class=\"elementor-image-box-img\"><img decoding=\"async\" width=\"256\" height=\"256\" src=\"https:\/\/hyarentacar.com\/wp-content\/uploads\/2023\/04\/target.png\" class=\"elementor-animation-shrink attachment-full size-full wp-image-646\" alt=\"target icon\" srcset=\"https:\/\/hyarentacar.com\/wp-content\/uploads\/2023\/04\/target.png 256w, https:\/\/hyarentacar.com\/wp-content\/uploads\/2023\/04\/target-150x150.png 150w, https:\/\/hyarentacar.com\/wp-content\/uploads\/2023\/04\/target-100x100.png 100w\" sizes=\"(max-width: 256px) 100vw, 256px\" \/><\/figure><div class=\"elementor-image-box-content\"><h3 class=\"elementor-image-box-title\">Vision<\/h3><p class=\"elementor-image-box-description\">Our vision is to become the vehicle rental company number one in the Dominican Republic, providing a quality experience and exceptional service to our customers at all times.<\/p><\/div><\/div>\t\t<\/div>\n\t\t\t\t<\/div>\n\t\t\t\t<div class=\"elementor-element elementor-element-295df4f elementor-widget__width-initial elementor-position-top elementor-widget elementor-widget-image-box\" data-id=\"295df4f\" data-element_type=\"widget\" data-widget_type=\"image-box.default\">\n\t\t\t\t<div class=\"elementor-widget-container\">\n\t\t\t<div class=\"elementor-image-box-wrapper\"><figure class=\"elementor-image-box-img\"><img decoding=\"async\" width=\"256\" height=\"256\" src=\"https:\/\/hyarentacar.com\/wp-content\/uploads\/2023\/04\/car-1.png\" class=\"elementor-animation-shrink attachment-full size-full wp-image-645\" alt=\"car icon\" srcset=\"https:\/\/hyarentacar.com\/wp-content\/uploads\/2023\/04\/car-1.png 256w, https:\/\/hyarentacar.com\/wp-content\/uploads\/2023\/04\/car-1-150x150.png 150w, https:\/\/hyarentacar.com\/wp-content\/uploads\/2023\/04\/car-1-100x100.png 100w\" sizes=\"(max-width: 256px) 100vw, 256px\" \/><\/figure><div class=\"elementor-image-box-content\"><h3 class=\"elementor-image-box-title\">Mission<\/h3><p class=\"elementor-image-box-description\">Our mission is to provide a high-quality fleet of vehicles that meets our client's needs and make the leasing process easy and hassle-free. <\/p><\/div><\/div>\t\t<\/div>\n\t\t\t\t<\/div>\n\t\t\t\t\t<\/div>\n\t\t\t\t<\/div>\n\t\t<div class=\"elementor-element elementor-element-593c940 e-flex e-con-boxed e-con e-parent\" data-id=\"593c940\" data-element_type=\"container\">\n\t\t\t\t\t<div class=\"e-con-inner\">\n\t\t\t\t<div class=\"elementor-element elementor-element-ea05ef7 elementor-widget-mobile__width-inherit elementor-widget elementor-widget-heading\" data-id=\"ea05ef7\" data-element_type=\"widget\" data-widget_type=\"heading.default\">\n\t\t\t\t<div class=\"elementor-widget-container\">\n\t\t\t<h2 class=\"elementor-heading-title elementor-size-default\">Our Experience backs us up<\/h2>\t\t<\/div>\n\t\t\t\t<\/div>\n\t\t\t\t<div class=\"elementor-element elementor-element-09e9ada elementor-widget elementor-widget-text-editor\" data-id=\"09e9ada\" data-element_type=\"widget\" data-widget_type=\"text-editor.default\">\n\t\t\t\t<div class=\"elementor-widget-container\">\n\t\t\t\t\t\t\t<p>With a combined experience of 10 years in the industry of rental vehicles, our team of professionals is committed to providing exceptional customer service. We ensure that our clients feel comfortable and safe when they rent one of our vehicles, and we are always available to answer any questions or resolve any problem you may have. In HyA Rent a Car, our goal is to make your experience of car rental as easy and hassle-free as possible.<\/p>\t\t\t\t\t\t<\/div>\n\t\t\t\t<\/div>\n\t\t<div class=\"elementor-element elementor-element-33edf8c e-con-full e-flex e-con e-child\" data-id=\"33edf8c\" data-element_type=\"container\">\n\t\t\t\t<div class=\"elementor-element elementor-element-ad158aa elementor-mobile-align-center elementor-widget__width-initial elementor-widget-laptop__width-initial elementor-align-left elementor-invisible elementor-widget elementor-widget-button\" data-id=\"ad158aa\" data-element_type=\"widget\" data-settings=\"{&quot;_animation&quot;:&quot;zoomIn&quot;}\" data-widget_type=\"button.default\">\n\t\t\t\t<div class=\"elementor-widget-container\">\n\t\t\t\t\t<div class=\"elementor-button-wrapper\">\n\t\t\t<a class=\"elementor-button elementor-button-link elementor-size-sm elementor-animation-grow\" href=\"\/en\/vehiculos\/\">\n\t\t\t\t\t\t<span class=\"elementor-button-content-wrapper\">\n\t\t\t\t\t\t\t\t\t<span class=\"elementor-button-text\">Rent Now<\/span>\n\t\t\t\t\t<\/span>\n\t\t\t\t\t<\/a>\n\t\t<\/div>\n\t\t\t\t<\/div>\n\t\t\t\t<\/div>\n\t\t\t\t<div class=\"elementor-element elementor-element-66785ff elementor-mobile-align-center elementor-widget__width-initial elementor-widget-laptop__width-initial elementor-invisible elementor-widget elementor-widget-button\" data-id=\"66785ff\" data-element_type=\"widget\" data-settings=\"{&quot;_animation&quot;:&quot;zoomIn&quot;}\" data-widget_type=\"button.default\">\n\t\t\t\t<div class=\"elementor-widget-container\">\n\t\t\t\t\t<div class=\"elementor-button-wrapper\">\n\t\t\t<a class=\"elementor-button elementor-button-link elementor-size-sm elementor-animation-grow\" href=\"https:\/\/hyarentacar.com\/en\/#cotizar\">\n\t\t\t\t\t\t<span class=\"elementor-button-content-wrapper\">\n\t\t\t\t\t\t<span class=\"elementor-button-icon\">\n\t\t\t\t<i aria-hidden=\"true\" class=\"fab fa-whatsapp\"><\/i>\t\t\t<\/span>\n\t\t\t\t\t\t\t\t\t<span class=\"elementor-button-text\">Quote<\/span>\n\t\t\t\t\t<\/span>\n\t\t\t\t\t<\/a>\n\t\t<\/div>\n\t\t\t\t<\/div>\n\t\t\t\t<\/div>\n\t\t\t\t<\/div>\n\t\t<div class=\"elementor-element elementor-element-8af7e86 e-flex e-con-boxed e-con e-child\" data-id=\"8af7e86\" data-element_type=\"container\">\n\t\t\t\t\t<div class=\"e-con-inner\">\n\t\t\t\t<div class=\"elementor-element elementor-element-8935144 elementor-widget elementor-widget-image\" data-id=\"8935144\" data-element_type=\"widget\" data-widget_type=\"image.default\">\n\t\t\t\t<div class=\"elementor-widget-container\">\n\t\t\t\t\t\t\t\t\t\t\t\t\t<img decoding=\"async\" src=\"https:\/\/hyarentacar.com\/wp-content\/uploads\/elementor\/thumbs\/ss-q4ofkguso4q8qkaeh8y2bi15tsbbn1bmnj8x0ampsk.jpg\" title=\"Rent in RyA rent a Car\" alt=\"Alquiler en RyA rent a Car\" loading=\"lazy\" \/>\t\t\t\t\t\t\t\t\t\t\t\t\t<\/div>\n\t\t\t\t<\/div>\n\t\t\t\t<div class=\"elementor-element elementor-element-5314916 elementor-widget elementor-widget-image\" data-id=\"5314916\" data-element_type=\"widget\" data-widget_type=\"image.default\">\n\t\t\t\t<div class=\"elementor-widget-container\">\n\t\t\t\t\t\t\t\t\t\t\t\t\t<img decoding=\"async\" src=\"https:\/\/hyarentacar.com\/wp-content\/uploads\/elementor\/thumbs\/ss-1-q4ofnzr0arjy9x62w9sp640e0sxvi6be4zbgsnekgk.jpg\" title=\"Rent in RyA rent a Car\" alt=\"Alquiler en RyA rent a Car\" loading=\"lazy\" \/>\t\t\t\t\t\t\t\t\t\t\t\t\t<\/div>\n\t\t\t\t<\/div>\n\t\t\t\t<div class=\"elementor-element elementor-element-55b516b elementor-widget elementor-widget-image\" data-id=\"55b516b\" data-element_type=\"widget\" data-widget_type=\"image.default\">\n\t\t\t\t<div class=\"elementor-widget-container\">\n\t\t\t\t\t\t\t\t\t\t\t\t\t<img decoding=\"async\" src=\"https:\/\/hyarentacar.com\/wp-content\/uploads\/elementor\/thumbs\/ss-2-q4ofq8l4mimm0dwns8qm4jm13xvfw58b43f82g2plg.jpg\" title=\"Rent in RyA rent a Car\" alt=\"Alquiler en RyA rent a Car\" loading=\"lazy\" \/>\t\t\t\t\t\t\t\t\t\t\t\t\t<\/div>\n\t\t\t\t<\/div>\n\t\t\t\t\t<\/div>\n\t\t\t\t<\/div>\n\t\t\t\t\t<\/div>\n\t\t\t\t<\/div>\n\t\t<div class=\"elementor-element elementor-element-e590c5e e-flex e-con-boxed e-con e-parent\" data-id=\"e590c5e\" data-element_type=\"container\">\n\t\t\t\t\t<div class=\"e-con-inner\">\n\t\t\t\t<div class=\"elementor-element elementor-element-7325a7a elementor-widget-mobile__width-inherit elementor-widget elementor-widget-heading\" data-id=\"7325a7a\" data-element_type=\"widget\" data-widget_type=\"heading.default\">\n\t\t\t\t<div class=\"elementor-widget-container\">\n\t\t\t<h2 class=\"elementor-heading-title elementor-size-default\">Where To Find Us?<\/h2>\t\t<\/div>\n\t\t\t\t<\/div>\n\t\t<div class=\"elementor-element elementor-element-14b9e5e e-flex e-con-boxed e-con e-child\" data-id=\"14b9e5e\" data-element_type=\"container\">\n\t\t\t\t\t<div class=\"e-con-inner\">\n\t\t<div class=\"elementor-element elementor-element-de76f1c e-flex e-con-boxed e-con e-child\" data-id=\"de76f1c\" data-element_type=\"container\">\n\t\t\t\t\t<div class=\"e-con-inner\">\n\t\t\t\t<div class=\"elementor-element elementor-element-e4e52b1 elementor-widget elementor-widget-google_maps\" data-id=\"e4e52b1\" data-element_type=\"widget\" data-widget_type=\"google_maps.default\">\n\t\t\t\t<div class=\"elementor-widget-container\">\n\t\t\t\t\t<div class=\"elementor-custom-embed\">\n\t\t\t<iframe loading=\"lazy\"\n\t\t\t\t\tsrc=\"https:\/\/maps.google.com\/maps?q=hya%20rent%20a%20car%2C%2023000%2C%20Av.%20Barcel%C3%B3%20Km2%2C%2023000&#038;t=m&#038;z=14&#038;output=embed&#038;iwloc=near\"\n\t\t\t\t\ttitle=\"hya rent a car, 23000, Avenida Barcel\u00f3 Km2, 23000\"\n\t\t\t\t\taria-label=\"hya rent a car, 23000, Avenida Barcel\u00f3 Km2, 23000\"\n\t\t\t><\/iframe>\n\t\t<\/div>\n\t\t\t\t<\/div>\n\t\t\t\t<\/div>\n\t\t\t\t\t<\/div>\n\t\t\t\t<\/div>\n\t\t<div class=\"elementor-element elementor-element-7112895 e-flex e-con-boxed e-con e-child\" data-id=\"7112895\" data-element_type=\"container\" id=\"contacto\">\n\t\t\t\t\t<div class=\"e-con-inner\">\n\t\t\t\t<div class=\"elementor-element elementor-element-b4e5db5 elementor-widget-mobile__width-inherit elementor-widget elementor-widget-heading\" data-id=\"b4e5db5\" data-element_type=\"widget\" data-widget_type=\"heading.default\">\n\t\t\t\t<div class=\"elementor-widget-container\">\n\t\t\t<h2 class=\"elementor-heading-title elementor-size-default\">Contact us!<\/h2>\t\t<\/div>\n\t\t\t\t<\/div>\n\t\t\t\t<div class=\"elementor-element elementor-element-9ec0110 elementor-icon-list--layout-traditional elementor-list-item-link-full_width elementor-widget elementor-widget-icon-list\" data-id=\"9ec0110\" data-element_type=\"widget\" data-widget_type=\"icon-list.default\">\n\t\t\t\t<div class=\"elementor-widget-container\">\n\t\t\t\t\t<ul class=\"elementor-icon-list-items\">\n\t\t\t\t\t\t\t<li class=\"elementor-icon-list-item\">\n\t\t\t\t\t\t\t\t\t\t\t<a href=\"https:\/\/www.google.com\/maps?ll=18.609146,-68.407911&#038;z=14&#038;t=m&#038;hl=es-ES&#038;gl=US&#038;mapclient=embed&#038;cid=15946165131397580391\" target=\"_blank\" rel=\"noopener\">\n\n\t\t\t\t\t\t\t\t\t\t\t\t<span class=\"elementor-icon-list-icon\">\n\t\t\t\t\t\t\t<i aria-hidden=\"true\" class=\"fas fa-building\"><\/i>\t\t\t\t\t\t<\/span>\n\t\t\t\t\t\t\t\t\t\t<span class=\"elementor-icon-list-text\">HyA Rent a Car, 23000, Avenida Barcel\u00f3 Km2<\/span>\n\t\t\t\t\t\t\t\t\t\t\t<\/a>\n\t\t\t\t\t\t\t\t\t<\/li>\n\t\t\t\t\t\t\t\t<li class=\"elementor-icon-list-item\">\n\t\t\t\t\t\t\t\t\t\t\t<a href=\"tel: 18298791235\">\n\n\t\t\t\t\t\t\t\t\t\t\t\t<span class=\"elementor-icon-list-icon\">\n\t\t\t\t\t\t\t<i aria-hidden=\"true\" class=\"fas fa-phone-volume\"><\/i>\t\t\t\t\t\t<\/span>\n\t\t\t\t\t\t\t\t\t\t<span class=\"elementor-icon-list-text\">(829) 8791-235<\/span>\n\t\t\t\t\t\t\t\t\t\t\t<\/a>\n\t\t\t\t\t\t\t\t\t<\/li>\n\t\t\t\t\t\t\t\t<li class=\"elementor-icon-list-item\">\n\t\t\t\t\t\t\t\t\t\t\t<a href=\"mailto:reservas@hyarentacar.com\">\n\n\t\t\t\t\t\t\t\t\t\t\t\t<span class=\"elementor-icon-list-icon\">\n\t\t\t\t\t\t\t<i aria-hidden=\"true\" class=\"fas fa-envelope\"><\/i>\t\t\t\t\t\t<\/span>\n\t\t\t\t\t\t\t\t\t\t<span class=\"elementor-icon-list-text\">reservas@hyarentacar.com<\/span>\n\t\t\t\t\t\t\t\t\t\t\t<\/a>\n\t\t\t\t\t\t\t\t\t<\/li>\n\t\t\t\t\t\t<\/ul>\n\t\t\t\t<\/div>\n\t\t\t\t<\/div>\n\t\t\t\t\t<\/div>\n\t\t\t\t<\/div>\n\t\t\t\t\t<\/div>\n\t\t\t\t<\/div>\n\t\t\t\t\t<\/div>\n\t\t\t\t<\/div>\n\t\t\t\t<\/div>","protected":false},"excerpt":{"rendered":"<p>\u00bfQui\u00e9nes Somos? Conoce nuestra historia HyA Rent a Car Estamos dedicados a ofrecer la mejor experiencia de alquiler de veh\u00edculos en Punta Cana. Nos esforzamos por brindar un servicio excepcional a nuestros clientes, desde el momento en que reservan uno de nuestros veh\u00edculos hasta el momento en que finaliza su viaje. Visi\u00f3n Nuestra visi\u00f3n es [&hellip;]<\/p>","protected":false},"author":1,"featured_media":939,"parent":0,"menu_order":0,"comment_status":"closed","ping_status":"closed","template":"","meta":{"rank_math_lock_modified_date":false,"_joinchat":[],"footnotes":""},"class_list":["post-644","page","type-page","status-publish","has-post-thumbnail","hentry"],"_links":{"self":[{"href":"https:\/\/hyarentacar.com\/en\/wp-json\/wp\/v2\/pages\/644","targetHints":{"allow":["GET"]}}],"collection":[{"href":"https:\/\/hyarentacar.com\/en\/wp-json\/wp\/v2\/pages"}],"about":[{"href":"https:\/\/hyarentacar.com\/en\/wp-json\/wp\/v2\/types\/page"}],"author":[{"embeddable":true,"href":"https:\/\/hyarentacar.com\/en\/wp-json\/wp\/v2\/users\/1"}],"replies":[{"embeddable":true,"href":"https:\/\/hyarentacar.com\/en\/wp-json\/wp\/v2\/comments?post=644"}],"version-history":[{"count":67,"href":"https:\/\/hyarentacar.com\/en\/wp-json\/wp\/v2\/pages\/644\/revisions"}],"predecessor-version":[{"id":1560,"href":"https:\/\/hyarentacar.com\/en\/wp-json\/wp\/v2\/pages\/644\/revisions\/1560"}],"wp:featuredmedia":[{"embeddable":true,"href":"https:\/\/hyarentacar.com\/en\/wp-json\/wp\/v2\/media\/939"}],"wp:attachment":[{"href":"https:\/\/hyarentacar.com\/en\/wp-json\/wp\/v2\/media?parent=644"}],"curies":[{"name":"wp","href":"https:\/\/api.w.org\/{rel}","templated":true}]}}